{"id":53,"date":"2020-04-05T18:17:47","date_gmt":"2020-04-05T16:17:47","guid":{"rendered":"http:\/\/veto-95.fr\/?page_id=53"},"modified":"2025-05-13T11:34:39","modified_gmt":"2025-05-13T09:34:39","slug":"plateau-technique","status":"publish","type":"page","link":"https:\/\/veto-95.fr\/index.php\/plateau-technique\/","title":{"rendered":"Plateau technique"},"content":{"rendered":"\n<h2 class=\"wp-block-heading has-text-align-center\"><strong>Salle de consultation <\/strong><\/h2>\n\n\n<div class=\"wp-block-image is-style-rounded\">\n<figure class=\"aligncenter size-large is-resized\"><img loading=\"lazy\" decoding=\"async\" width=\"768\" height=\"1024\" src=\"https:\/\/veto-95.fr\/wp-content\/uploads\/2020\/05\/Consultation1-768x1024.jpg\" alt=\"\" class=\"wp-image-957\" style=\"width:298px;height:396px\" srcset=\"https:\/\/veto-95.fr\/wp-content\/uploads\/2020\/05\/Consultation1-768x1024.jpg 768w, https:\/\/veto-95.fr\/wp-content\/uploads\/2020\/05\/Consultation1-225x300.jpg 225w, https:\/\/veto-95.fr\/wp-content\/uploads\/2020\/05\/Consultation1-1152x1536.jpg 1152w, https:\/\/veto-95.fr\/wp-content\/uploads\/2020\/05\/Consultation1-1536x2048.jpg 1536w, https:\/\/veto-95.fr\/wp-content\/uploads\/2020\/05\/Consultation1.jpg 1920w\" sizes=\"auto, (max-width: 767px) 89vw, (max-width: 1000px) 54vw, (max-width: 1071px) 543px, 580px\" \/><\/figure>\n<\/div>\n\n\n<h1 class=\"wp-block-heading has-text-align-center\"><strong>Salle d&rsquo;\u00e9chographie et de radiographie<\/strong><\/h1>\n\n\n\n<figure class=\"wp-block-gallery has-nested-images columns-default is-cropped wp-block-gallery-1 is-layout-flex wp-block-gallery-is-layout-flex\">\n<figure class=\"wp-block-image size-large\"><img loading=\"lazy\" decoding=\"async\" width=\"919\" height=\"1024\" data-id=\"958\" src=\"https:\/\/veto-95.fr\/wp-content\/uploads\/2020\/05\/salle-echographie-1-919x1024.jpg\" alt=\"\" class=\"wp-image-958\" srcset=\"https:\/\/veto-95.fr\/wp-content\/uploads\/2020\/05\/salle-echographie-1-919x1024.jpg 919w, https:\/\/veto-95.fr\/wp-content\/uploads\/2020\/05\/salle-echographie-1-269x300.jpg 269w, https:\/\/veto-95.fr\/wp-content\/uploads\/2020\/05\/salle-echographie-1-768x855.jpg 768w, https:\/\/veto-95.fr\/wp-content\/uploads\/2020\/05\/salle-echographie-1-1379x1536.jpg 1379w, https:\/\/veto-95.fr\/wp-content\/uploads\/2020\/05\/salle-echographie-1-1839x2048.jpg 1839w, https:\/\/veto-95.fr\/wp-content\/uploads\/2020\/05\/salle-echographie-1.jpg 1969w\" sizes=\"auto, (max-width: 767px) 89vw, (max-width: 1000px) 54vw, (max-width: 1071px) 543px, 580px\" \/><\/figure>\n\n\n\n<figure class=\"wp-block-image size-large\"><img loading=\"lazy\" decoding=\"async\" width=\"1024\" height=\"769\" data-id=\"1324\" src=\"https:\/\/veto-95.fr\/wp-content\/uploads\/2025\/05\/1747125126748-1024x769.jpg\" alt=\"\" class=\"wp-image-1324\" srcset=\"https:\/\/veto-95.fr\/wp-content\/uploads\/2025\/05\/1747125126748-1024x769.jpg 1024w, https:\/\/veto-95.fr\/wp-content\/uploads\/2025\/05\/1747125126748-300x225.jpg 300w, https:\/\/veto-95.fr\/wp-content\/uploads\/2025\/05\/1747125126748-768x577.jpg 768w, https:\/\/veto-95.fr\/wp-content\/uploads\/2025\/05\/1747125126748-1536x1153.jpg 1536w, https:\/\/veto-95.fr\/wp-content\/uploads\/2025\/05\/1747125126748-2048x1538.jpg 2048w\" sizes=\"auto, (max-width: 767px) 89vw, (max-width: 1000px) 54vw, (max-width: 1071px) 543px, 580px\" \/><\/figure>\n<\/figure>\n\n\n\n<h1 class=\"wp-block-heading has-text-align-center\"><strong>Chenil d&rsquo;hospitalisation chien\/chat\/NACs<\/strong><\/h1>\n\n\n<div class=\"wp-block-image is-style-rounded\">\n<figure class=\"aligncenter size-large is-resized\"><img loading=\"lazy\" decoding=\"async\" width=\"498\" height=\"397\" src=\"http:\/\/veto-95.fr\/wp-content\/uploads\/2020\/04\/plateau3.jpg\" alt=\"\" class=\"wp-image-56\" style=\"width:360px;height:287px\" srcset=\"https:\/\/veto-95.fr\/wp-content\/uploads\/2020\/04\/plateau3.jpg 498w, https:\/\/veto-95.fr\/wp-content\/uploads\/2020\/04\/plateau3-300x239.jpg 300w\" sizes=\"auto, (max-width: 498px) 100vw, 498px\" \/><\/figure>\n<\/div>\n\n\n<h1 class=\"wp-block-heading has-text-align-center\"><strong>Laboratoire d&rsquo;analyses<\/strong> <strong>et microscope<\/strong><\/h1>\n\n\n\n<figure class=\"wp-block-gallery has-nested-images columns-default is-cropped wp-block-gallery-2 is-layout-flex wp-block-gallery-is-layout-flex\">\n<figure class=\"wp-block-image size-large\"><img loading=\"lazy\" decoding=\"async\" width=\"578\" height=\"1024\" data-id=\"959\" src=\"https:\/\/veto-95.fr\/wp-content\/uploads\/2020\/05\/LABO-BIOCH-HEMATO-578x1024.jpg\" alt=\"\" class=\"wp-image-959\" srcset=\"https:\/\/veto-95.fr\/wp-content\/uploads\/2020\/05\/LABO-BIOCH-HEMATO-578x1024.jpg 578w, https:\/\/veto-95.fr\/wp-content\/uploads\/2020\/05\/LABO-BIOCH-HEMATO-169x300.jpg 169w, https:\/\/veto-95.fr\/wp-content\/uploads\/2020\/05\/LABO-BIOCH-HEMATO-768x1360.jpg 768w, https:\/\/veto-95.fr\/wp-content\/uploads\/2020\/05\/LABO-BIOCH-HEMATO-868x1536.jpg 868w, https:\/\/veto-95.fr\/wp-content\/uploads\/2020\/05\/LABO-BIOCH-HEMATO-1157x2048.jpg 1157w, https:\/\/veto-95.fr\/wp-content\/uploads\/2020\/05\/LABO-BIOCH-HEMATO.jpg 1189w\" sizes=\"auto, (max-width: 578px) 100vw, 578px\" \/><\/figure>\n\n\n\n<figure class=\"wp-block-image size-large\"><img loading=\"lazy\" decoding=\"async\" width=\"769\" height=\"1024\" data-id=\"1017\" src=\"https:\/\/veto-95.fr\/wp-content\/uploads\/2020\/09\/IMG_20200908_151218-769x1024.jpg\" alt=\"\" class=\"wp-image-1017\" srcset=\"https:\/\/veto-95.fr\/wp-content\/uploads\/2020\/09\/IMG_20200908_151218-769x1024.jpg 769w, https:\/\/veto-95.fr\/wp-content\/uploads\/2020\/09\/IMG_20200908_151218-225x300.jpg 225w, https:\/\/veto-95.fr\/wp-content\/uploads\/2020\/09\/IMG_20200908_151218-768x1023.jpg 768w, https:\/\/veto-95.fr\/wp-content\/uploads\/2020\/09\/IMG_20200908_151218-1153x1536.jpg 1153w, https:\/\/veto-95.fr\/wp-content\/uploads\/2020\/09\/IMG_20200908_151218-1538x2048.jpg 1538w, https:\/\/veto-95.fr\/wp-content\/uploads\/2020\/09\/IMG_20200908_151218-scaled.jpg 1922w\" sizes=\"auto, (max-width: 767px) 89vw, (max-width: 1000px) 54vw, (max-width: 1071px) 543px, 580px\" \/><\/figure>\n<\/figure>\n\n\n\n<h1 class=\"wp-block-heading has-text-align-center\"><strong>Cage \/ couveuse \u00e0 oxyg\u00e8ne<\/strong><\/h1>\n\n\n<div class=\"wp-block-image is-style-default\">\n<figure class=\"aligncenter size-large is-resized\"><img loading=\"lazy\" decoding=\"async\" width=\"1024\" height=\"675\" src=\"http:\/\/veto-95.fr\/wp-content\/uploads\/2020\/04\/plateau4-1024x675.jpg\" alt=\"\" class=\"wp-image-57\" style=\"width:383px;height:252px\" srcset=\"https:\/\/veto-95.fr\/wp-content\/uploads\/2020\/04\/plateau4-1024x675.jpg 1024w, https:\/\/veto-95.fr\/wp-content\/uploads\/2020\/04\/plateau4-300x198.jpg 300w, https:\/\/veto-95.fr\/wp-content\/uploads\/2020\/04\/plateau4-768x506.jpg 768w, https:\/\/veto-95.fr\/wp-content\/uploads\/2020\/04\/plateau4-1536x1012.jpg 1536w, https:\/\/veto-95.fr\/wp-content\/uploads\/2020\/04\/plateau4-2048x1349.jpg 2048w, https:\/\/veto-95.fr\/wp-content\/uploads\/2020\/04\/plateau4-1200x791.jpg 1200w, https:\/\/veto-95.fr\/wp-content\/uploads\/2020\/04\/plateau4-1980x1304.jpg 1980w\" sizes=\"auto, (max-width: 767px) 89vw, (max-width: 1000px) 54vw, (max-width: 1071px) 543px, 580px\" \/><\/figure>\n<\/div>\n\n\n<h1 class=\"wp-block-heading has-text-align-center\"><strong>D\u00e9tartreur &#8211; polisseur \u00e0 ultrasons<\/strong><\/h1>\n\n\n\n<figure class=\"wp-block-gallery has-nested-images columns-2 is-cropped wp-block-gallery-3 is-layout-flex wp-block-gallery-is-layout-flex\">\n<figure class=\"wp-block-image size-full\"><img loading=\"lazy\" decoding=\"async\" width=\"2560\" height=\"2355\" data-id=\"36\" src=\"https:\/\/veto-95.fr\/wp-content\/uploads\/2020\/04\/services4-scaled.jpg\" alt=\"\" class=\"wp-image-36\" srcset=\"https:\/\/veto-95.fr\/wp-content\/uploads\/2020\/04\/services4-scaled.jpg 2560w, https:\/\/veto-95.fr\/wp-content\/uploads\/2020\/04\/services4-300x276.jpg 300w, https:\/\/veto-95.fr\/wp-content\/uploads\/2020\/04\/services4-1024x942.jpg 1024w, https:\/\/veto-95.fr\/wp-content\/uploads\/2020\/04\/services4-768x707.jpg 768w, https:\/\/veto-95.fr\/wp-content\/uploads\/2020\/04\/services4-1536x1413.jpg 1536w, https:\/\/veto-95.fr\/wp-content\/uploads\/2020\/04\/services4-2048x1884.jpg 2048w, https:\/\/veto-95.fr\/wp-content\/uploads\/2020\/04\/services4-1200x1104.jpg 1200w, https:\/\/veto-95.fr\/wp-content\/uploads\/2020\/04\/services4-1980x1822.jpg 1980w\" sizes=\"auto, (max-width: 767px) 89vw, (max-width: 1000px) 54vw, (max-width: 1071px) 543px, 580px\" \/><figcaption class=\"wp-element-caption\">Mat\u00e9riel de dentisterie NACs<\/figcaption><\/figure>\n\n\n\n<figure class=\"wp-block-image size-full\"><img loading=\"lazy\" decoding=\"async\" width=\"2560\" height=\"1908\" data-id=\"35\" src=\"https:\/\/veto-95.fr\/wp-content\/uploads\/2020\/04\/services5-scaled.jpg\" alt=\"\" class=\"wp-image-35\" srcset=\"https:\/\/veto-95.fr\/wp-content\/uploads\/2020\/04\/services5-scaled.jpg 2560w, https:\/\/veto-95.fr\/wp-content\/uploads\/2020\/04\/services5-300x224.jpg 300w, https:\/\/veto-95.fr\/wp-content\/uploads\/2020\/04\/services5-1024x763.jpg 1024w, https:\/\/veto-95.fr\/wp-content\/uploads\/2020\/04\/services5-768x572.jpg 768w, https:\/\/veto-95.fr\/wp-content\/uploads\/2020\/04\/services5-1536x1145.jpg 1536w, https:\/\/veto-95.fr\/wp-content\/uploads\/2020\/04\/services5-2048x1526.jpg 2048w, https:\/\/veto-95.fr\/wp-content\/uploads\/2020\/04\/services5-1200x894.jpg 1200w, https:\/\/veto-95.fr\/wp-content\/uploads\/2020\/04\/services5-1980x1476.jpg 1980w\" sizes=\"auto, (max-width: 767px) 89vw, (max-width: 1000px) 54vw, (max-width: 1071px) 543px, 580px\" \/><figcaption class=\"wp-element-caption\">Mat\u00e9riel de dentisterie Chien\/Chat<\/figcaption><\/figure>\n<\/figure>\n\n\n\n<h1 class=\"wp-block-heading has-text-align-center\"><strong>Bloc op\u00e9ratoire<\/strong><\/h1>\n\n\n<div class=\"wp-block-image is-style-rounded\">\n<figure class=\"aligncenter size-large is-resized\"><img loading=\"lazy\" decoding=\"async\" width=\"769\" height=\"1024\" src=\"https:\/\/veto-95.fr\/wp-content\/uploads\/2020\/09\/IMG_20200910_191500-769x1024.jpg\" alt=\"\" class=\"wp-image-1010\" style=\"width:322px;height:429px\" srcset=\"https:\/\/veto-95.fr\/wp-content\/uploads\/2020\/09\/IMG_20200910_191500-769x1024.jpg 769w, https:\/\/veto-95.fr\/wp-content\/uploads\/2020\/09\/IMG_20200910_191500-225x300.jpg 225w, https:\/\/veto-95.fr\/wp-content\/uploads\/2020\/09\/IMG_20200910_191500-768x1023.jpg 768w, https:\/\/veto-95.fr\/wp-content\/uploads\/2020\/09\/IMG_20200910_191500-1153x1536.jpg 1153w, https:\/\/veto-95.fr\/wp-content\/uploads\/2020\/09\/IMG_20200910_191500-1538x2048.jpg 1538w, https:\/\/veto-95.fr\/wp-content\/uploads\/2020\/09\/IMG_20200910_191500-scaled.jpg 1922w\" sizes=\"auto, (max-width: 767px) 89vw, (max-width: 1000px) 54vw, (max-width: 1071px) 543px, 580px\" \/><\/figure>\n<\/div>\n\n\n<h1 class=\"wp-block-heading has-text-align-center\"><strong>Machine d&rsquo;anesth\u00e9sie gazeuse <\/strong><\/h1>\n\n\n<div class=\"wp-block-image is-style-rounded\">\n<figure class=\"aligncenter size-large is-resized\"><img loading=\"lazy\" decoding=\"async\" width=\"768\" height=\"1024\" src=\"https:\/\/veto-95.fr\/wp-content\/uploads\/2020\/06\/IMG_20200620_181046212-2-768x1024.jpg\" alt=\"\" class=\"wp-image-975\" style=\"width:292px;height:389px\" srcset=\"https:\/\/veto-95.fr\/wp-content\/uploads\/2020\/06\/IMG_20200620_181046212-2-768x1024.jpg 768w, https:\/\/veto-95.fr\/wp-content\/uploads\/2020\/06\/IMG_20200620_181046212-2-225x300.jpg 225w, https:\/\/veto-95.fr\/wp-content\/uploads\/2020\/06\/IMG_20200620_181046212-2-1152x1536.jpg 1152w, https:\/\/veto-95.fr\/wp-content\/uploads\/2020\/06\/IMG_20200620_181046212-2-1536x2048.jpg 1536w, https:\/\/veto-95.fr\/wp-content\/uploads\/2020\/06\/IMG_20200620_181046212-2.jpg 1920w\" sizes=\"auto, (max-width: 767px) 89vw, (max-width: 1000px) 54vw, (max-width: 1071px) 543px, 580px\" \/><\/figure>\n<\/div>\n\n\n<p class=\"has-large-font-size\"><\/p>\n","protected":false},"excerpt":{"rendered":"<p>Salle de consultation Salle d&rsquo;\u00e9chographie et de radiographie Chenil d&rsquo;hospitalisation chien\/chat\/NACs Laboratoire d&rsquo;analyses et microscope Cage \/ couveuse \u00e0 oxyg\u00e8ne D\u00e9tartreur &#8211; polisseur \u00e0 ultrasons Bloc op\u00e9ratoire Machine d&rsquo;anesth\u00e9sie gazeuse<\/p>\n","protected":false},"author":1,"featured_media":0,"parent":0,"menu_order":0,"comment_status":"closed","ping_status":"closed","template":"","meta":{"footnotes":""},"class_list":["post-53","page","type-page","status-publish","hentry"],"_links":{"self":[{"href":"https:\/\/veto-95.fr\/index.php\/wp-json\/wp\/v2\/pages\/53","targetHints":{"allow":["GET"]}}],"collection":[{"href":"https:\/\/veto-95.fr\/index.php\/wp-json\/wp\/v2\/pages"}],"about":[{"href":"https:\/\/veto-95.fr\/index.php\/wp-json\/wp\/v2\/types\/page"}],"author":[{"embeddable":true,"href":"https:\/\/veto-95.fr\/index.php\/wp-json\/wp\/v2\/users\/1"}],"replies":[{"embeddable":true,"href":"https:\/\/veto-95.fr\/index.php\/wp-json\/wp\/v2\/comments?post=53"}],"version-history":[{"count":20,"href":"https:\/\/veto-95.fr\/index.php\/wp-json\/wp\/v2\/pages\/53\/revisions"}],"predecessor-version":[{"id":1326,"href":"https:\/\/veto-95.fr\/index.php\/wp-json\/wp\/v2\/pages\/53\/revisions\/1326"}],"wp:attachment":[{"href":"https:\/\/veto-95.fr\/index.php\/wp-json\/wp\/v2\/media?parent=53"}],"curies":[{"name":"wp","href":"https:\/\/api.w.org\/{rel}","templated":true}]}}